{"id":3612,"date":"2025-04-28T15:03:27","date_gmt":"2025-04-28T15:03:27","guid":{"rendered":"https:\/\/paragliding-in-madeira.com\/weather\/?page_id=3612"},"modified":"2026-04-19T00:26:47","modified_gmt":"2026-04-18T23:26:47","slug":"old-all-webcams","status":"publish","type":"page","link":"https:\/\/paragliding-in-madeira.com\/weather\/old-all-webcams\/","title":{"rendered":""},"content":{"rendered":"<p><script>\n  if (window !== window.parent && document.body.classList.contains('logged-in')) {\n    const style = document.createElement(\"style\");\n    style.innerHTML = \"html.wp-toolbar, body { margin-top: 0 !important; } body { position: relative; top: -44px !important; }\";\n    document.head.appendChild(style);\n  }\n<\/script><\/p>\n<div align=\"center\">\n<small><sup><em>Porto Santo<\/em><\/sup><\/small><br \/>\n<iframe loading=\"lazy\" width=\"208\" height=\"156\" frameBorder=\"0\" scrolling=\"no\" src=\"https:\/\/www.netmadeira.com\/webcams\/show\/netmadeira\/porto-santo\"><\/iframe>\n<\/div>\n<div align=\"center\">\n<small><sup><em>Cani\u00e7al<\/em><\/sup><\/small><br \/>\n<iframe loading=\"lazy\" width=\"208\" height=\"156\" frameBorder=\"0\" scrolling=\"no\" src=\"https:\/\/www.netmadeira.com\/webcams\/show\/netmadeira\/canical\"><\/iframe>\n<\/div>\n<div align=\"center\">\n<small><sup><em>Machico<\/em><\/sup><\/small><br \/>\n<iframe loading=\"lazy\" width=\"208\" height=\"156\" frameBorder=\"0\" scrolling=\"no\" src=\"https:\/\/www.netmadeira.com\/webcams\/show\/netmadeira\/machico\"><\/iframe>\n<\/div>\n<div align=\"center\">\n<small><sup><em>Santa Cruz<\/em><\/sup><\/small><br \/>\n<iframe loading=\"lazy\" width=\"208\" height=\"156\" frameBorder=\"0\" scrolling=\"no\" src=\"https:\/\/www.netmadeira.com\/webcams\/show\/netmadeira\/santa-cruz\"><\/iframe>\n<\/div>\n<div align=\"center\">\n<small><sup><em>Santo da Serra Golf<\/em><\/sup><\/small><br \/>\n<iframe loading=\"lazy\" width=\"208\" height=\"156\" frameBorder=\"0\" scrolling=\"no\" src=\"https:\/\/www.netmadeira.com\/webcams\/show\/netmadeira\/santo-da-serra-golf\"><\/iframe>\n<\/div>\n<div align=\"center\">\n<small><sup><em>Achada do Teixeira<\/em><\/sup><\/small><br \/>\n<iframe loading=\"lazy\" width=\"208\" height=\"156\" frameBorder=\"0\" scrolling=\"no\" src=\"https:\/\/www.netmadeira.com\/webcams\/show\/netmadeira\/achada-do-teixeira\"><\/iframe>\n<\/div>\n<div align=\"center\">\n<small><sup><em>Pico do Arieiro<\/em><\/sup><\/small><br \/>\n<iframe loading=\"lazy\" width=\"208\" height=\"156\" frameBorder=\"0\" scrolling=\"no\" src=\"https:\/\/www.netmadeira.com\/webcams\/show\/netmadeira\/pico-do-arieiro\"><\/iframe>\n<\/div>\n<div align=\"center\">\n<small><sup><em>Eira do Serrado<\/em><\/sup><\/small><br \/>\n<iframe loading=\"lazy\" width=\"208\" height=\"156\" frameBorder=\"0\" scrolling=\"no\" src=\"https:\/\/www.netmadeira.com\/webcams\/show\/netmadeira\/eira-do-serrado\"><\/iframe>\n<\/div>\n<div align=\"center\">\n<small><sup><em>Parque ecol\u00f3gico<\/em><\/sup><\/small><br \/>\n<iframe loading=\"lazy\" width=\"208\" height=\"156\" frameBorder=\"0\" scrolling=\"no\" src=\"https:\/\/www.netmadeira.com\/webcams\/show\/netmadeira\/funchal-parque-ecologico\"><\/iframe>\n<\/div>\n<div align=\"center\">\n<small><sup><em>Palheiro Golf<\/em><\/sup><\/small><br \/>\n<iframe loading=\"lazy\" width=\"208\" height=\"156\" frameBorder=\"0\" scrolling=\"no\" src=\"https:\/\/www.netmadeira.com\/webcams\/show\/netmadeira\/palheiro-golf\"><\/iframe>\n<\/div>\n<div align=\"center\">\n<small><sup><em>Monte<\/em><\/sup><\/small><br \/>\n<iframe loading=\"lazy\" width=\"208\" height=\"156\" frameBorder=\"0\" scrolling=\"no\" src=\"https:\/\/www.netmadeira.com\/webcams\/show\/netmadeira\/monte\"><\/iframe>\n<\/div>\n<div align=\"center\">\n<small><sup><em>Ba\u00eda do Funchal<\/em><\/sup><\/small><br \/>\n<iframe loading=\"lazy\" width=\"208\" height=\"156\" frameBorder=\"0\" scrolling=\"no\" src=\"https:\/\/www.netmadeira.com\/webcams\/show\/netmadeira\/funchal-baia-do-funchal\"><\/iframe>\n<\/div>\n<div align=\"center\">\n<small><sup><em>Porto do Funchal<\/em><\/sup><\/small><br \/>\n<iframe loading=\"lazy\" width=\"208\" height=\"156\" frameBorder=\"0\" scrolling=\"no\" src=\"https:\/\/www.netmadeira.com\/webcams\/show\/netmadeira\/funchal-pontinha\"><\/iframe>\n<\/div>\n<div align=\"center\">\n<small><sup><em>Lido<\/em><\/sup><\/small><br \/>\n<iframe loading=\"lazy\" width=\"208\" height=\"156\" frameBorder=\"0\" scrolling=\"no\" src=\"https:\/\/www.netmadeira.com\/webcams\/show\/netmadeira\/funchal-lido\"><\/iframe>\n<\/div>\n<div align=\"center\">\n<small><sup><em>C\u00e2mara de Lobos<\/em><\/sup><\/small><br \/>\n<iframe loading=\"lazy\" width=\"208\" height=\"156\" frameBorder=\"0\" scrolling=\"no\" src=\"https:\/\/www.netmadeira.com\/webcams\/show\/netmadeira\/camara-de-lobos\"><\/iframe>\n<\/div>\n<div align=\"center\">\n<small><sup><em>Praia C\u00e2mara de Lobos<\/em><\/sup><\/small><br \/>\n<iframe loading=\"lazy\" width=\"208\" height=\"156\" frameBorder=\"0\" scrolling=\"no\" src=\"https:\/\/www.netmadeira.com\/webcams\/show\/netmadeira\/praia-do-vigario\"><\/iframe>\n<\/div>\n<div align=\"center\">\n<small><sup><em>Ribeira Brava<\/em><\/sup><\/small><br \/>\n<iframe loading=\"lazy\" width=\"208\" height=\"156\" frameBorder=\"0\" scrolling=\"no\" src=\"https:\/\/www.netmadeira.com\/webcams\/show\/netmadeira\/ribeira-brava\"><\/iframe>\n<\/div>\n<div align=\"center\">\n<small><sup><em>Ponta do Sol<\/em><\/sup><\/small><br \/>\n<iframe loading=\"lazy\" width=\"208\" height=\"156\" frameBorder=\"0\" scrolling=\"no\" src=\"https:\/\/www.netmadeira.com\/webcams\/show\/netmadeira\/ponta-do-sol\"><\/iframe>\n<\/div>\n<div align=\"center\">\n<small><sup><em>Raba\u00e7al<\/em><\/sup><\/small><br \/>\n<iframe loading=\"lazy\" width=\"208\" height=\"156\" frameBorder=\"0\" scrolling=\"no\" src=\"https:\/\/www.netmadeira.com\/webcams\/show\/netmadeira\/rabacal-madeira\"><\/iframe>\n<\/div>\n<div align=\"center\">\n<small><sup><em>Porto Moniz<\/em><\/sup><\/small><br \/>\n<iframe loading=\"lazy\" width=\"208\" height=\"156\" frameBorder=\"0\" scrolling=\"no\" src=\"https:\/\/www.netmadeira.com\/webcams\/show\/netmadeira\/porto-moniz\"><\/iframe>\n<\/div>\n<div align=\"center\">\n<small><sup><em>Seixal<\/em><\/sup><\/small><br \/>\n<iframe loading=\"lazy\" width=\"208\" height=\"156\" frameBorder=\"0\" scrolling=\"no\" src=\"https:\/\/www.netmadeira.com\/webcams\/show\/netmadeira\/seixal\"><\/iframe>\n<\/div>\n<div align=\"center\">\n<small><sup><em>Ponta Delgada<\/em><\/sup><\/small><br \/>\n<iframe loading=\"lazy\" width=\"208\" height=\"156\" frameBorder=\"0\" scrolling=\"no\" src=\"https:\/\/www.netmadeira.com\/webcams\/show\/netmadeira\/ponta-delgada\"><\/iframe>\n<\/div>\n<div align=\"center\">\n<small><sup><em>Boaventura<\/em><\/sup><\/small><br \/>\n<iframe loading=\"lazy\" width=\"208\" height=\"156\" frameBorder=\"0\" scrolling=\"no\" src=\"https:\/\/www.netmadeira.com\/webcams\/show\/netmadeira\/boaventura\"><\/iframe>\n<\/div>\n<div align=\"center\">\n<small><sup><em>Santana<\/em><\/sup><\/small><br \/>\n<iframe loading=\"lazy\" width=\"208\" height=\"156\" frameBorder=\"0\" scrolling=\"no\" src=\"https:\/\/www.netmadeira.com\/webcams\/show\/netmadeira\/santana-cortado\"><\/iframe>\n<\/div>\n<div align=\"center\">\n<small><sup><em>Faial<\/em><\/sup><\/small><br \/>\n<iframe loading=\"lazy\" width=\"208\" height=\"156\" frameBorder=\"0\" scrolling=\"no\" src=\"https:\/\/www.netmadeira.com\/webcams\/show\/netmadeira\/praia-faial\"><\/iframe>\n<\/div>\n<div align=\"center\">\n<small><sup><em>Portela<\/em><\/sup><\/small><br \/>\n<iframe loading=\"lazy\" width=\"208\" height=\"156\" frameBorder=\"0\" scrolling=\"no\" src=\"https:\/\/www.netmadeira.com\/webcams\/show\/netmadeira\/portela-porto-da-cruz\"><\/iframe>\n<\/div>\n","protected":false},"excerpt":{"rendered":"<p>Porto Santo Cani\u00e7al Machico Santa Cruz Santo da Serra Golf Achada do Teixeira Pico do Arieiro Eira do Serrado Parque ecol\u00f3gico Palheiro Golf Monte Ba\u00eda do Funchal Porto do Funchal Lido C\u00e2mara de Lobos Praia C\u00e2mara de Lobos Ribeira Brava Ponta do Sol Raba\u00e7al Porto Moniz Seixal Ponta Delgada Boaventura Santana Faial Portela<\/p>\n","protected":false},"author":1,"featured_media":0,"parent":0,"menu_order":0,"comment_status":"closed","ping_status":"closed","template":"","meta":{"slim_seo":{"title":"webcam images","noindex":"1","description":"Porto Santo Cani\u00e7al Machico Santa Cruz Santo da Serra Golf Achada do Teixeira Pico do Arieiro Eira do Serrado Parque ecol\u00f3gico Palheiro Golf Monte Ba\u00eda do Funch"},"footnotes":""},"class_list":["post-3612","page","type-page","status-publish","hentry"],"_links":{"self":[{"href":"https:\/\/paragliding-in-madeira.com\/weather\/wp-json\/wp\/v2\/pages\/3612","targetHints":{"allow":["GET"]}}],"collection":[{"href":"https:\/\/paragliding-in-madeira.com\/weather\/wp-json\/wp\/v2\/pages"}],"about":[{"href":"https:\/\/paragliding-in-madeira.com\/weather\/wp-json\/wp\/v2\/types\/page"}],"author":[{"embeddable":true,"href":"https:\/\/paragliding-in-madeira.com\/weather\/wp-json\/wp\/v2\/users\/1"}],"replies":[{"embeddable":true,"href":"https:\/\/paragliding-in-madeira.com\/weather\/wp-json\/wp\/v2\/comments?post=3612"}],"version-history":[{"count":31,"href":"https:\/\/paragliding-in-madeira.com\/weather\/wp-json\/wp\/v2\/pages\/3612\/revisions"}],"predecessor-version":[{"id":10658,"href":"https:\/\/paragliding-in-madeira.com\/weather\/wp-json\/wp\/v2\/pages\/3612\/revisions\/10658"}],"wp:attachment":[{"href":"https:\/\/paragliding-in-madeira.com\/weather\/wp-json\/wp\/v2\/media?parent=3612"}],"curies":[{"name":"wp","href":"https:\/\/api.w.org\/{rel}","templated":true}]}}