{"id":3704,"date":"2025-05-03T17:08:08","date_gmt":"2025-05-03T17:08:08","guid":{"rendered":"https:\/\/paragliding-in-madeira.com\/weather\/?page_id=3704"},"modified":"2026-04-18T17:05:11","modified_gmt":"2026-04-18T16:05:11","slug":"around-the-island","status":"publish","type":"page","link":"https:\/\/paragliding-in-madeira.com\/weather\/around-the-island\/","title":{"rendered":"Around the Island"},"content":{"rendered":"\n<div class=\"wp-block-buttons is-content-justification-center is-layout-flex wp-container-core-buttons-is-layout-a89b3969 wp-block-buttons-is-layout-flex\">\n<div class=\"wp-block-button\"><a class=\"wp-block-button__link wp-element-button\" href=\"https:\/\/paragliding-in-madeira.com\/weather\/\">Home<\/a><\/div>\n\n\n\n<div class=\"wp-block-button\"><a class=\"wp-block-button__link wp-element-button\" href=\"https:\/\/paragliding-in-madeira.com\/weather\/weather-info\/\">Weather info<\/a><\/div>\n<\/div>\n\n\n\n<div style=\"height:13px\" aria-hidden=\"true\" class=\"wp-block-spacer\"><\/div>\n\n\n\n<hr class=\"wp-block-separator has-alpha-channel-opacity\"\/>\n\n\n\n<p class=\"has-text-align-center\"><a style=\"text-decoration: none;\" href=\"https:\/\/cams.milhofrito.uk\" target=\"_blank\" rel=\"noopener\" title=\"\">Live images on the road to check the real time status of traffic<\/a> <br>and webcams to check the weather and local conditions<\/p>\n\n\n\n<hr class=\"wp-block-separator has-alpha-channel-opacity\"\/>\n\n\n\n<div style=\"height:13px\" aria-hidden=\"true\" class=\"wp-block-spacer\"><\/div>\n\n\n\n<p class=\"has-text-align-center\"><a href=\"https:\/\/www.viaexpresso.com\/rede-concessionada\/mapa-da-concessao.html\" target=\"_blank\" rel=\"noreferrer noopener\">ViaExpresso local roads LiveCams<\/a><\/p>\n\n\n\n<script>\n  function reloadIframe(iframeId) {\n    var iframe = document.getElementById(iframeId);\n    if (iframe) {\n      \/\/ Get the current source, which includes the base URL\n      var currentSrc = iframe.src.split('?')[0];\n\n      \/\/ Set the src back to itself to force a browser reload\n      \/\/ You can add a cache-buster if you want to ensure it is not a cached page:\n      \/\/ iframe.src = currentSrc + '?' + new Date().getTime();\n      iframe.src = currentSrc;\n      console.log('Iframe ' + iframeId + ' reloaded.');\n    } else {\n      console.error('Iframe with ID ' + iframeId + ' not found.');\n    }\n  }\n<\/script>\n\n<div style=\"width: 90vw; height: 510px; overflow: scroll; border: 0; transform:translate(-24px);\">\n  <iframe name=\"viaexpresso\" id=\"viaexpresso\"\n    src=\"https:\/\/www.viaexpresso.com\/rede-concessionada\/mapa-da-concessao.html\" \n    style=\"\n      width: 1444px; \n      height: 1288px; \n      border: 0; \n      transform: scale(0.65); \n      transform-origin: top left; \n      margin-top: -253px; \n      margin-left: -90px;\"\n    scrolling=\"no\"\n    rel=\"noopener nofollow\">\n  <\/iframe>\n<\/div>\n\n<div style=\"text-align: center;\">\n  <button onclick=\"reloadIframe('viaexpresso')\" style=\"padding: 5px 15px; cursor: pointer;\">\n    Reload ViaExpresso\n  <\/button>\n<\/div>\n\n\n\n<div style=\"height:13px\" aria-hidden=\"true\" class=\"wp-block-spacer\"><\/div>\n\n\n\n<hr class=\"wp-block-separator has-alpha-channel-opacity\"\/>\n\n\n\n<p class=\"has-text-align-center\"><a href=\"https:\/\/www.netmadeira.com\/webcams-madeira\" target=\"_blank\" rel=\"noreferrer noopener\">NetMadeira WebCams<\/a><\/p>\n\n\n\n<div align=\"center\" style=\"margin-top:-2px;margin-left:-1px\">\n<a href=\"https:\/\/www.netmadeira.com\/webcams-madeira\" target=\"_blank\" rel=\"noreferrer noopener\"><img loading=\"lazy\" decoding=\"async\" width=\"900\" height=\"288\" class=\"wp-image-868\" style=\"width: 150px; border: none; display: block; margin: 0 auto;\" src=\"https:\/\/paragliding-in-madeira.com\/weather\/wp-content\/uploads\/2024\/10\/Netmadeira-logo-1.png\" alt=\"Netmadeira logo\" srcset=\"https:\/\/paragliding-in-madeira.com\/weather\/wp-content\/uploads\/2024\/10\/Netmadeira-logo-1.png 900w, https:\/\/paragliding-in-madeira.com\/weather\/wp-content\/uploads\/2024\/10\/Netmadeira-logo-1-300x96.png 300w, https:\/\/paragliding-in-madeira.com\/weather\/wp-content\/uploads\/2024\/10\/Netmadeira-logo-1-768x246.png 768w\" sizes=\"auto, (max-width: 900px) 100vw, 900px\" \/><\/a>\n<\/div>\n\n\n\n<div style=\"height:13px\" aria-hidden=\"true\" class=\"wp-block-spacer\"><\/div>\n\n\n\n<style>\n    .iframe-wrapper {\n        width: 85%;\n        overflow: visible;\n        display: flex;\n        justify-content: center;\n        align-items: center;\n        padding: 20px 0;\n        box-sizing: border-box;\n    }\n\n    .iframe-container {\n        \/* CHANGED: Use 100% instead of 100vw to prevent horizontal scroll *\/\n        width: 90%;\n        max-width: 90%;\n        height: 388px;\n        min-height: 33vh;\n        overflow: visible;\n        position: relative;\n        display: flex;\n        flex-direction: column;\n        justify-content: center;\n        align-items: center;\n    }\n\n    .iframe-container small {\n        margin-bottom: 25px;\n        text-align: center;\n        position: relative;\n        z-index: 2;\n        font-size: 20px;\n    }\n\n    .iframe-container iframe {\n        width: 100%;\n        height: 377px;\n        border: none;\n        transform: scale(1.5);\n        transform-origin: top center;\n        margin-top: 1px;\n    }\n\n    \/* Media Query for Mobile and Tablet Devices *\/\n    @media (max-width: 768px) {\n        .iframe-container {\n            \/* CHANGED: Use 100% instead of 100vw for mobile *\/\n            width: 82%;\n            max-width: 82%;\n            height: 250px;\n            min-height: auto;\n        }\n\n        .iframe-container small {\n            font-size: 18px;\n            margin-bottom: 10px;\n        }\n\n        .iframe-container iframe {\n            height: 220px;\n            transform: scale(1.0);\n            margin-top: 1px;\n        }\n    }\n<\/style>\n\n<body>\n    <div class=\"iframe-wrapper\">\n        <div class=\"iframe-container\">\n            <small><sup><em>Porto Santo<\/em><\/sup><\/small>\n            <div style=\"transform:scale(1.6); transform-origin:top center; width:100%; overflow:hidden; margin-top:-20px;\">\n                <iframe src=\"https:\/\/www.netmadeira.com\/webcams\/show\/netmadeira\/porto-santo\"><\/iframe>\n            <\/div>\n        <\/div>\n    <\/div>\n\n    <div class=\"iframe-wrapper\">\n        <div class=\"iframe-container\">\n            <small><sup><em>Cani\u00e7al<\/em><\/sup><\/small>\n            <div style=\"transform:scale(1.6); transform-origin:top center; width:100%; overflow:hidden; margin-top:-20px;\">\n                <iframe src=\"https:\/\/www.netmadeira.com\/webcams\/show\/netmadeira\/canical\"><\/iframe>\n            <\/div>\n        <\/div>\n    <\/div>\n\n    <div class=\"iframe-wrapper\">\n        <div class=\"iframe-container\">\n            <small><sup><em>Machico<\/em><\/sup><\/small>\n            <div style=\"transform:scale(1.6); transform-origin:top center; width:100%; overflow:hidden; margin-top:-20px;\">\n                <iframe src=\"https:\/\/www.netmadeira.com\/webcams\/show\/netmadeira\/machico\"><\/iframe>\n            <\/div>\n        <\/div>\n    <\/div>\n\n    <div class=\"iframe-wrapper\">\n        <div class=\"iframe-container\">\n            <small><sup><em>Santa Cruz<\/em><\/sup><\/small>\n            <div style=\"transform:scale(1.6); transform-origin:top center; width:100%; overflow:hidden; margin-top:-20px;\">\n                <iframe src=\"https:\/\/www.netmadeira.com\/webcams\/show\/netmadeira\/santa-cruz\"><\/iframe>\n            <\/div>\n        <\/div>\n    <\/div>\n\n    <div class=\"iframe-wrapper\">\n        <div class=\"iframe-container\">\n            <small><sup><em>Santo da Serra Golf<\/em><\/sup><\/small>\n            <div style=\"transform:scale(1.6); transform-origin:top center; width:100%; overflow:hidden; margin-top:-20px;\">\n                <iframe src=\"https:\/\/www.netmadeira.com\/webcams\/show\/netmadeira\/santo-da-serra-golf\"><\/iframe>\n            <\/div>\n        <\/div>\n    <\/div>\n\n    <div class=\"iframe-wrapper\">\n        <div class=\"iframe-container\">\n            <small><sup><em>Achada do Teixeira<\/em><\/sup><\/small>\n            <div style=\"transform:scale(1.6); transform-origin:top center; width:100%; overflow:hidden; margin-top:-20px;\">\n                <iframe src=\"https:\/\/www.netmadeira.com\/webcams\/show\/netmadeira\/achada-do-teixeira\"><\/iframe>\n            <\/div>\n        <\/div>\n    <\/div>\n\n    <div class=\"iframe-wrapper\">\n        <div class=\"iframe-container\">\n            <small><sup><em>Pico do Arieiro<\/em><\/sup><\/small>\n            <div style=\"transform:scale(1.6); transform-origin:top center; width:100%; overflow:hidden; margin-top:-20px;\">\n                <iframe src=\"https:\/\/www.netmadeira.com\/webcams\/show\/netmadeira\/pico-do-arieiro\"><\/iframe>\n            <\/div>\n        <\/div>\n    <\/div>\n\n    <div class=\"iframe-wrapper\">\n        <div class=\"iframe-container\">\n            <small><sup><em>Eira do Serrado<\/em><\/sup><\/small>\n            <div style=\"transform:scale(1.6); transform-origin:top center; width:100%; overflow:hidden; margin-top:-20px;\">\n                <iframe src=\"https:\/\/www.netmadeira.com\/webcams\/show\/netmadeira\/eira-do-serrado\"><\/iframe>\n            <\/div>\n        <\/div>\n    <\/div>\n\n    <div class=\"iframe-wrapper\">\n        <div class=\"iframe-container\">\n            <small><sup><em>Parque ecol\u00f3gico<\/em><\/sup><\/small>\n            <div style=\"transform:scale(1.6); transform-origin:top center; width:100%; overflow:hidden; margin-top:-20px;\">\n                <iframe src=\"https:\/\/www.netmadeira.com\/webcams\/show\/netmadeira\/funchal-parque-ecologico\"><\/iframe>\n            <\/div>\n        <\/div>\n    <\/div>\n\n    <div class=\"iframe-wrapper\">\n        <div class=\"iframe-container\">\n            <small><sup><em>Palheiro Golf<\/em><\/sup><\/small>\n            <div style=\"transform:scale(1.6); transform-origin:top center; width:100%; overflow:hidden; margin-top:-20px;\">\n                <iframe src=\"https:\/\/www.netmadeira.com\/webcams\/show\/netmadeira\/palheiro-golf\"><\/iframe>\n            <\/div>\n        <\/div>\n    <\/div>\n\n    <div class=\"iframe-wrapper\">\n        <div class=\"iframe-container\">\n            <small><sup><em>Monte<\/em><\/sup><\/small>\n            <div style=\"transform:scale(1.6); transform-origin:top center; width:100%; overflow:hidden; margin-top:-20px;\">\n                <iframe src=\"https:\/\/www.netmadeira.com\/webcams\/show\/netmadeira\/monte\"><\/iframe>\n            <\/div>\n        <\/div>\n    <\/div>\n\n    <div class=\"iframe-wrapper\">\n        <div class=\"iframe-container\">\n            <small><sup><em>Ba\u00eda do Funchal<\/em><\/sup><\/small>\n            <div style=\"transform:scale(1.6); transform-origin:top center; width:100%; overflow:hidden; margin-top:-20px;\">\n                <iframe src=\"https:\/\/www.netmadeira.com\/webcams\/show\/netmadeira\/funchal-baia-do-funchal\"><\/iframe>\n            <\/div>\n        <\/div>\n    <\/div>\n\n    <div class=\"iframe-wrapper\">\n        <div class=\"iframe-container\">\n            <small><sup><em>Barreirinha &#8211; Funchal<\/em><\/sup><\/small>\n            <div style=\"transform:scale(1.6); transform-origin:top center; width:100%; overflow:hidden; margin-top:-20px;\">\n                <iframe src=\"https:\/\/www.netmadeira.com\/webcams\/show\/netmadeira\/funchal-barreirinha\"><\/iframe>\n            <\/div>\n        <\/div>\n    <\/div>\n\n    <div class=\"iframe-wrapper\">\n        <div class=\"iframe-container\">\n            <small><sup><em>Cidade do Funchal<\/em><\/sup><\/small>\n            <div style=\"transform:scale(1.6); transform-origin:top center; width:100%; overflow:hidden; margin-top:-20px;\">\n                <iframe src=\"https:\/\/www.netmadeira.com\/webcams\/show\/netmadeira\/funchal-vista-sul\"><\/iframe>\n            <\/div>\n        <\/div>\n    <\/div>\n\n    <div class=\"iframe-wrapper\">\n        <div class=\"iframe-container\">\n            <small><sup><em>Porto do Funchal<\/em><\/sup><\/small>\n            <div style=\"transform:scale(1.6); transform-origin:top center; width:100%; overflow:hidden; margin-top:-20px;\">\n                <iframe src=\"https:\/\/www.netmadeira.com\/webcams\/show\/netmadeira\/funchal-pontinha\"><\/iframe>\n            <\/div>\n        <\/div>\n    <\/div>\n\n    <div class=\"iframe-wrapper\">\n        <div class=\"iframe-container\">\n            <small><sup><em>Lido<\/em><\/sup><\/small>\n            <div style=\"transform:scale(1.6); transform-origin:top center; width:100%; overflow:hidden; margin-top:-20px;\">\n                <iframe src=\"https:\/\/www.netmadeira.com\/webcams\/show\/netmadeira\/funchal-lido\"><\/iframe>\n            <\/div>\n        <\/div>\n    <\/div>\n\n    <div class=\"iframe-wrapper\">\n        <div class=\"iframe-container\">\n            <small><sup><em>C\u00e2mara de Lobos<\/em><\/sup><\/small>\n            <div style=\"transform:scale(1.6); transform-origin:top center; width:100%; overflow:hidden; margin-top:-20px;\">\n                <iframe src=\"https:\/\/www.netmadeira.com\/webcams\/show\/netmadeira\/camara-de-lobos\"><\/iframe>\n            <\/div>\n        <\/div>\n    <\/div>\n\n    <div class=\"iframe-wrapper\">\n        <div class=\"iframe-container\">\n            <small><sup><em>Praia C\u00e2mara de Lobos<\/em><\/sup><\/small>\n            <div style=\"transform:scale(1.6); transform-origin:top center; width:100%; overflow:hidden; margin-top:-20px;\">\n                <iframe src=\"https:\/\/www.netmadeira.com\/webcams\/show\/netmadeira\/praia-do-vigario\"><\/iframe>\n            <\/div>\n        <\/div>\n    <\/div>\n\n<div class=\"iframe-wrapper\">\n        <div class=\"iframe-container\">\n            <small><sup><em>Baia C\u00e2mara de Lobos<\/em><\/sup><\/small>\n            <div style=\"transform:scale(1.6); transform-origin:top center; width:100%; overflow:hidden; margin-top:-20px;\">\n                <iframe src=\"https:\/\/www.netmadeira.com\/webcams\/show\/netmadeira\/camara-de-lobos-baia\"><\/iframe>\n            <\/div>\n        <\/div>\n    <\/div>\n\n    <div class=\"iframe-wrapper\">\n        <div class=\"iframe-container\">\n            <small><sup><em>Ribeira Brava<\/em><\/sup><\/small>\n            <div style=\"transform:scale(1.6); transform-origin:top center; width:100%; overflow:hidden; margin-top:-20px;\">\n                <iframe src=\"https:\/\/www.netmadeira.com\/webcams\/show\/netmadeira\/ribeira-brava\"><\/iframe>\n            <\/div>\n        <\/div>\n    <\/div>\n\n    <div class=\"iframe-wrapper\">\n        <div class=\"iframe-container\">\n            <small><sup><em>Ponta do Sol<\/em><\/sup><\/small>\n            <div style=\"transform:scale(1.6); transform-origin:top center; width:100%; overflow:hidden; margin-top:-20px;\">\n                <iframe src=\"https:\/\/www.netmadeira.com\/webcams\/show\/netmadeira\/ponta-do-sol\"><\/iframe>\n            <\/div>\n        <\/div>\n    <\/div>\n\n    <div class=\"iframe-wrapper\">\n        <div class=\"iframe-container\">\n            <small><sup><em>Raba\u00e7al<\/em><\/sup><\/small>\n            <div style=\"transform:scale(1.6); transform-origin:top center; width:100%; overflow:hidden; margin-top:-20px;\">\n                <iframe src=\"https:\/\/www.netmadeira.com\/webcams\/show\/netmadeira\/rabacal-madeira\"><\/iframe>\n            <\/div>\n        <\/div>\n    <\/div>\n\n<div class=\"iframe-wrapper\">\n        <div class=\"iframe-container\">\n            <small><sup><em>Porto Moniz<\/em><\/sup><\/small>\n            <div style=\"transform:scale(1.6); transform-origin:top center; width:100%; overflow:hidden; margin-top:-20px;\">\n                <iframe src=\"https:\/\/www.netmadeira.com\/webcams\/show\/netmadeira\/porto-moniz\"><\/iframe>\n            <\/div>\n        <\/div>\n    <\/div>\n\n    <div class=\"iframe-wrapper\">\n        <div class=\"iframe-container\">\n            <small><sup><em>Seixal<\/em><\/sup><\/small>\n            <div style=\"transform:scale(1.6); transform-origin:top center; width:100%; overflow:hidden; margin-top:-20px;\">\n                <iframe src=\"https:\/\/www.netmadeira.com\/webcams\/show\/netmadeira\/seixal\"><\/iframe>\n            <\/div>\n        <\/div>\n    <\/div>\n\n    <div class=\"iframe-wrapper\">\n        <div class=\"iframe-container\">\n            <small><sup><em>Ponta Delgada<\/em><\/sup><\/small>\n            <div style=\"transform:scale(1.6); transform-origin:top center; width:100%; overflow:hidden; margin-top:-20px;\">\n                <iframe src=\"https:\/\/www.netmadeira.com\/webcams\/show\/netmadeira\/ponta-delgada\"><\/iframe>\n            <\/div>\n        <\/div>\n    <\/div>\n\n    <div class=\"iframe-wrapper\">\n        <div class=\"iframe-container\">\n            <small><sup><em>Boaventura<\/em><\/sup><\/small>\n            <div style=\"transform:scale(1.6); transform-origin:top center; width:100%; overflow:hidden; margin-top:-20px;\">\n                <iframe src=\"https:\/\/www.netmadeira.com\/webcams\/show\/netmadeira\/boaventura\"><\/iframe>\n            <\/div>\n        <\/div>\n    <\/div>\n\n    <div class=\"iframe-wrapper\">\n        <div class=\"iframe-container\">\n            <small><sup><em>S\u00e3o Jorge<\/em><\/sup><\/small>\n            <div style=\"transform:scale(1.6); transform-origin:top center; width:100%; overflow:hidden; margin-top:-20px;\">\n                <iframe src=\"https:\/\/www.netmadeira.com\/webcams\/show\/netmadeira\/sao-jorge\"><\/iframe>\n            <\/div>\n        <\/div>\n    <\/div>\n\n    <div class=\"iframe-wrapper\">\n        <div class=\"iframe-container\">\n            <small><sup><em>Santana<\/em><\/sup><\/small>\n            <div style=\"transform:scale(1.6); transform-origin:top center; width:100%; overflow:hidden; margin-top:-20px;\">\n                <iframe src=\"https:\/\/www.netmadeira.com\/webcams\/show\/netmadeira\/santana-cortado\"><\/iframe>\n            <\/div>\n        <\/div>\n    <\/div>\n\n    <div class=\"iframe-wrapper\">\n        <div class=\"iframe-container\">\n            <small><sup><em>Faial<\/em><\/sup><\/small>\n            <div style=\"transform:scale(1.6); transform-origin:top center; width:100%; overflow:hidden; margin-top:-20px;\">\n                <iframe src=\"https:\/\/www.netmadeira.com\/webcams\/show\/netmadeira\/praia-faial\"><\/iframe>\n            <\/div>\n        <\/div>\n    <\/div>\n\n    <div class=\"iframe-wrapper\">\n        <div class=\"iframe-container\">\n            <small><sup><em>Portela<\/em><\/sup><\/small>\n            <div style=\"transform:scale(1.6); transform-origin:top center; width:100%; overflow:hidden; margin-top:-20px;\">\n                <iframe src=\"https:\/\/www.netmadeira.com\/webcams\/show\/netmadeira\/portela-porto-da-cruz\"><\/iframe>\n            <\/div>\n        <\/div>\n    <\/div>\n<\/body>\n","protected":false},"excerpt":{"rendered":"<p>Live images on the road to check the real time status of traffic and webcams to check the weather and local conditions ViaExpresso local roads LiveCams Reload ViaExpresso NetMadeira WebCams Porto Santo Cani\u00e7al Machico Santa Cruz Santo da Serra Golf Achada do Teixeira Pico do Arieiro Eira do Serrado Parque ecol\u00f3gico Palheiro Golf Monte Ba\u00eda [&hellip;]<\/p>\n","protected":false},"author":1,"featured_media":0,"parent":0,"menu_order":0,"comment_status":"closed","ping_status":"closed","template":"","meta":{"slim_seo":{"title":"Around the Island","description":"Live images on the freeway to check the real time status of traffic and webcams to check the weather and local conditions","noindex":"1"},"footnotes":""},"class_list":["post-3704","page","type-page","status-publish","hentry"],"_links":{"self":[{"href":"https:\/\/paragliding-in-madeira.com\/weather\/wp-json\/wp\/v2\/pages\/3704","targetHints":{"allow":["GET"]}}],"collection":[{"href":"https:\/\/paragliding-in-madeira.com\/weather\/wp-json\/wp\/v2\/pages"}],"about":[{"href":"https:\/\/paragliding-in-madeira.com\/weather\/wp-json\/wp\/v2\/types\/page"}],"author":[{"embeddable":true,"href":"https:\/\/paragliding-in-madeira.com\/weather\/wp-json\/wp\/v2\/users\/1"}],"replies":[{"embeddable":true,"href":"https:\/\/paragliding-in-madeira.com\/weather\/wp-json\/wp\/v2\/comments?post=3704"}],"version-history":[{"count":221,"href":"https:\/\/paragliding-in-madeira.com\/weather\/wp-json\/wp\/v2\/pages\/3704\/revisions"}],"predecessor-version":[{"id":10662,"href":"https:\/\/paragliding-in-madeira.com\/weather\/wp-json\/wp\/v2\/pages\/3704\/revisions\/10662"}],"wp:attachment":[{"href":"https:\/\/paragliding-in-madeira.com\/weather\/wp-json\/wp\/v2\/media?parent=3704"}],"curies":[{"name":"wp","href":"https:\/\/api.w.org\/{rel}","templated":true}]}}